{"id":30,"date":"2015-10-07T10:10:37","date_gmt":"2015-10-07T09:10:37","guid":{"rendered":"https:\/\/www.enciclopedia-de-los-migrantes.eu\/?page_id=30"},"modified":"2017-12-14T17:50:34","modified_gmt":"2017-12-14T16:50:34","slug":"pedagogie","status":"publish","type":"page","link":"https:\/\/enciclopedia-dos-migrantes.eu\/pt\/projet\/pedagogie\/","title":{"rendered":"Recursos educativos"},"content":{"rendered":"<p>Transmite uma s\u00e9rie de metodologias aplicadas ao projeto sobre a cria\u00e7\u00e3o de parcerias com as cidades, textos de refer\u00eancia, organiza\u00e7\u00e3o<br \/>\nda recolha de testemunhos ou ainda resumos do Grupo de reflex\u00e3o que participou no projeto, e reflex\u00f5es iniciais sobre as metodologias a aplicar at\u00e9 \u00e0 sua avalia\u00e7\u00e3o.<\/p>\n","protected":false},"excerpt":{"rendered":"<p>Transmite uma s\u00e9rie de metodologias aplicadas ao projeto sobre a cria\u00e7\u00e3o de parcerias com as cidades, textos de refer\u00eancia, organiza\u00e7\u00e3o da recolha de testemunhos ou ainda resumos do Grupo de reflex\u00e3o que participou no projeto, e reflex\u00f5es iniciais sobre as metodologias a aplicar at\u00e9 \u00e0 sua avalia\u00e7\u00e3o.<\/p>\n","protected":false},"author":4,"featured_media":0,"parent":2,"menu_order":0,"comment_status":"closed","ping_status":"closed","template":"","meta":{"footnotes":""},"translation":{"provider":"WPGlobus","version":"2.12.2","language":"pt","enabled_languages":["fr","es","pt","en"],"languages":{"fr":{"title":true,"content":true,"excerpt":false},"es":{"title":true,"content":true,"excerpt":false},"pt":{"title":true,"content":true,"excerpt":false},"en":{"title":true,"content":true,"excerpt":false}}},"acf":[],"_links":{"self":[{"href":"https:\/\/enciclopedia-dos-migrantes.eu\/pt\/wp-json\/wp\/v2\/pages\/30"}],"collection":[{"href":"https:\/\/enciclopedia-dos-migrantes.eu\/pt\/wp-json\/wp\/v2\/pages"}],"about":[{"href":"https:\/\/enciclopedia-dos-migrantes.eu\/pt\/wp-json\/wp\/v2\/types\/page"}],"author":[{"embeddable":true,"href":"https:\/\/enciclopedia-dos-migrantes.eu\/pt\/wp-json\/wp\/v2\/users\/4"}],"replies":[{"embeddable":true,"href":"https:\/\/enciclopedia-dos-migrantes.eu\/pt\/wp-json\/wp\/v2\/comments?post=30"}],"version-history":[{"count":0,"href":"https:\/\/enciclopedia-dos-migrantes.eu\/pt\/wp-json\/wp\/v2\/pages\/30\/revisions"}],"up":[{"embeddable":true,"href":"https:\/\/enciclopedia-dos-migrantes.eu\/pt\/wp-json\/wp\/v2\/pages\/2"}],"wp:attachment":[{"href":"https:\/\/enciclopedia-dos-migrantes.eu\/pt\/wp-json\/wp\/v2\/media?parent=30"}],"curies":[{"name":"wp","href":"https:\/\/api.w.org\/{rel}","templated":true}]}}